{"id":835,"date":"2022-08-05T09:21:42","date_gmt":"2022-08-05T09:21:42","guid":{"rendered":"https:\/\/www.dentavital.si\/politika-zasebnosti\/"},"modified":"2023-02-18T09:14:08","modified_gmt":"2023-02-18T09:14:08","slug":"privacy-policy","status":"publish","type":"page","link":"https:\/\/www.dentavital.si\/en\/privacy-policy\/","title":{"rendered":"Privacy Policy"},"content":{"rendered":"<h3>Veljavnost, sprejem in uporaba politike varstva zasebnosti<\/h3>\n<p>I.<br \/>\nPolitika varstva zasebnosti velja za vsakogar, ki se skladno s Splo\u0161nimi pogoji poslovanja in uporabe spletnega mesta dentavital.si \u0161teje za uporabnika ter za celotno spletno mesto, vklju\u010dno z njegovimi podstranmi.<\/p>\n<p>Uporabnik je vsaka pravna ali fizi\u010dna oseba, ki uporablja oziroma obi\u0161\u010de spletno mesto (v nadaljevanju: uporabnik).<\/p>\n<p>Z uporabo spletnega mesta uporabnik potrjuje, da se strinja s to Politiko varstva zasebnosti.<\/p>\n<p>Ponudnik si pridru\u017euje pravico, da kadarkoli in brez vnaprej\u0161njega obvestila spremeni katerokoli dolo\u010dbo te Politike varstva zasebnosti. Uporabnik se z nadaljnjo uporabo spletnega mesta strinja s spremembami.<\/p>\n<h3>Varstvo osebnih podatkov oziroma zasebnosti<\/h3>\n<p>II.<br \/>\nUporabnik se strinja, da Dentavital za namene svojega poslovanja zbira in obdeluje njegove osebne podatke, ki jih je posredoval ob izpolnitvi kontaktnega obrazca.<\/p>\n<p>Z osebnimi podatki, zbranimi na spletnem mestu, upravlja Dentalni studio d.o.o., Dunajska cesta 177, 1000 Ljubljana.<\/p>\n<p>Vsi podatki, zbrani na spletnem mestu, se obravnavajo v skladu s to Politiko varstva zasebnosti, ki je javno dostopna na spletnem mestu in velja od 1. 2. 2023.<\/p>\n<h3>Namen zbiranja osebnih podatkov<\/h3>\n<p>III.<br \/>\nDentavital zbira in obdeluje osebne podatke uporabnikov z namenom upravljanja s prejetimi povpra\u0161evanji.<\/p>\n<p>IV.<br \/>\nPodatki se shranjujejo v bazi, ki je upravljana v skladu s politiko podjetja in v skladu z varnostno politiko izvajalca, v \u010dasu trajanja razmerja med uporabnikom in ponudnikom in \u0161e 5 let po prenehanju njunega razmerja.<\/p>\n<p>Uporabnik lahko kadarkoli pisno zahteva izbris svojih podatkov iz baze. Podatki se po izbrisu ne shranjujejo v bazi. Dentavital o zahtevi odlo\u010di v roku osmih delovnih dni. Uporabnik poda zahtevo za izbris svojih podatkov tako, da v prejetih elektronskih novicah klikne na povezavo za odjavo s seznama prejemnikov sporo\u010dil ali po\u0161lje zahtevo za izbris na naslov elektronske po\u0161te info@dentavital.si.<\/p>\n<p>V.<br \/>\nSkladno z dolo\u010dili ZVOP-1 ima uporabnik pravico pri podjetju preveriti pravilnost izvajanja zavarovanja in obdelovanja osebnih podatkov. Uporabnik mora z zahtevo pregled prostorov in opreme vsaj pet delovnih dni vnaprej napovedati. Zaradi zavarovanja poslovne skrivnosti in drugih ob\u010dutljivih podatkov ponudnika se pregled izvede ob prisotnosti poobla\u0161\u010dene osebe podjetja.<\/p>\n<p>Zavarovanje osebnih podatkov<br \/>\nVI.<br \/>\nVarovanje osebnih podatkov se izvaja skladno s 1. odstavkom 25. \u010dlena ZVOP-1. Osebni podatki so zavarovani v okviru pravnih, organizacijskih in ustreznih logi\u010dno-tehni\u010dnih postopkov in ukrepov za prepre\u010ditev naklju\u010dnega ali namernega nepoobla\u0161\u010denega uni\u010devanja podatkov, njihovih sprememb ali izgub ter nepoobla\u0161\u010dene obdelave teh podatkov tako, da se:<\/p>\n<ul>\n<li>varujejo prostori, oprema in sistemska programska oprema, vklju\u010dno z vhodno-izhodnimi enotami;<\/li>\n<li>varuje aplikativna programska oprema, s katero se obdelujejo osebni podatki;<\/li>\n<li>prepre\u010duje nepoobla\u0161\u010den dostop do osebnih podatkov pri njihovem prenosu, vklju\u010dno s prenosom po telekomunikacijskih sredstvih in omre\u017ejih;<\/li>\n<li>zagotavlja u\u010dinkovit na\u010din blokiranja, uni\u010denja, izbrisa ali anonimiziranja osebnih podatkov;<\/li>\n<li>omogo\u010da poznej\u0161e ugotavljanje, kdaj so bili posamezni osebni podatki uporabljeni in vneseni v zbirko podatkov in kdo je to storil, in sicer za obdobje, za katero se posamezni podatki shranjujejo.<\/li>\n<\/ul>\n<h3>Kon\u010dne dolo\u010dbe<\/h3>\n<p>VII.<br \/>\nTa Politika varstva zasebnosti velja od 1. 2. 2023 dalje.<\/p>\n","protected":false},"excerpt":{"rendered":"<p>Veljavnost, sprejem in uporaba politike varstva zasebnosti I. Politika varstva zasebnosti velja za vsakogar, ki se skladno s Splo\u0161nimi pogoji&#8230;<\/p>\n","protected":false},"author":1,"featured_media":0,"parent":0,"menu_order":0,"comment_status":"closed","ping_status":"closed","template":"","meta":{"footnotes":""},"class_list":["post-835","page","type-page","status-publish","hentry"],"yoast_head":"<!-- This site is optimized with the Yoast SEO plugin v25.2 - https:\/\/yoast.com\/wordpress\/plugins\/seo\/ -->\n<title>Privacy Policy - Dentavital<\/title>\n<meta name=\"robots\" content=\"index, follow, max-snippet:-1, max-image-preview:large, max-video-preview:-1\" \/>\n<link rel=\"canonical\" href=\"https:\/\/www.dentavital.si\/en\/privacy-policy\/\" \/>\n<meta property=\"og:locale\" content=\"en_US\" \/>\n<meta property=\"og:type\" content=\"article\" \/>\n<meta property=\"og:title\" content=\"Privacy Policy - Dentavital\" \/>\n<meta property=\"og:description\" content=\"Veljavnost, sprejem in uporaba politike varstva zasebnosti I. Politika varstva zasebnosti velja za vsakogar, ki se skladno s Splo\u0161nimi pogoji...\" \/>\n<meta property=\"og:url\" content=\"https:\/\/www.dentavital.si\/en\/privacy-policy\/\" \/>\n<meta property=\"og:site_name\" content=\"Dentavital\" \/>\n<meta property=\"article:modified_time\" content=\"2023-02-18T09:14:08+00:00\" \/>\n<meta name=\"twitter:card\" content=\"summary_large_image\" \/>\n<meta name=\"twitter:label1\" content=\"Est. reading time\" \/>\n\t<meta name=\"twitter:data1\" content=\"3 minutes\" \/>\n<script type=\"application\/ld+json\" class=\"yoast-schema-graph\">{\"@context\":\"https:\/\/schema.org\",\"@graph\":[{\"@type\":\"WebPage\",\"@id\":\"https:\/\/www.dentavital.si\/en\/privacy-policy\/\",\"url\":\"https:\/\/www.dentavital.si\/en\/privacy-policy\/\",\"name\":\"Privacy Policy - Dentavital\",\"isPartOf\":{\"@id\":\"https:\/\/www.dentavital.si\/#website\"},\"datePublished\":\"2022-08-05T09:21:42+00:00\",\"dateModified\":\"2023-02-18T09:14:08+00:00\",\"breadcrumb\":{\"@id\":\"https:\/\/www.dentavital.si\/en\/privacy-policy\/#breadcrumb\"},\"inLanguage\":\"en-US\",\"potentialAction\":[{\"@type\":\"ReadAction\",\"target\":[\"https:\/\/www.dentavital.si\/en\/privacy-policy\/\"]}]},{\"@type\":\"BreadcrumbList\",\"@id\":\"https:\/\/www.dentavital.si\/en\/privacy-policy\/#breadcrumb\",\"itemListElement\":[{\"@type\":\"ListItem\",\"position\":1,\"name\":\"Home\",\"item\":\"https:\/\/www.dentavital.si\/en\/\"},{\"@type\":\"ListItem\",\"position\":2,\"name\":\"Privacy Policy\"}]},{\"@type\":\"WebSite\",\"@id\":\"https:\/\/www.dentavital.si\/#website\",\"url\":\"https:\/\/www.dentavital.si\/\",\"name\":\"Dentavital\",\"description\":\"\",\"potentialAction\":[{\"@type\":\"SearchAction\",\"target\":{\"@type\":\"EntryPoint\",\"urlTemplate\":\"https:\/\/www.dentavital.si\/?s={search_term_string}\"},\"query-input\":{\"@type\":\"PropertyValueSpecification\",\"valueRequired\":true,\"valueName\":\"search_term_string\"}}],\"inLanguage\":\"en-US\"}]}<\/script>\n<!-- \/ Yoast SEO plugin. -->","yoast_head_json":{"title":"Privacy Policy - Dentavital","robots":{"index":"index","follow":"follow","max-snippet":"max-snippet:-1","max-image-preview":"max-image-preview:large","max-video-preview":"max-video-preview:-1"},"canonical":"https:\/\/www.dentavital.si\/en\/privacy-policy\/","og_locale":"en_US","og_type":"article","og_title":"Privacy Policy - Dentavital","og_description":"Veljavnost, sprejem in uporaba politike varstva zasebnosti I. Politika varstva zasebnosti velja za vsakogar, ki se skladno s Splo\u0161nimi pogoji...","og_url":"https:\/\/www.dentavital.si\/en\/privacy-policy\/","og_site_name":"Dentavital","article_modified_time":"2023-02-18T09:14:08+00:00","twitter_card":"summary_large_image","twitter_misc":{"Est. reading time":"3 minutes"},"schema":{"@context":"https:\/\/schema.org","@graph":[{"@type":"WebPage","@id":"https:\/\/www.dentavital.si\/en\/privacy-policy\/","url":"https:\/\/www.dentavital.si\/en\/privacy-policy\/","name":"Privacy Policy - Dentavital","isPartOf":{"@id":"https:\/\/www.dentavital.si\/#website"},"datePublished":"2022-08-05T09:21:42+00:00","dateModified":"2023-02-18T09:14:08+00:00","breadcrumb":{"@id":"https:\/\/www.dentavital.si\/en\/privacy-policy\/#breadcrumb"},"inLanguage":"en-US","potentialAction":[{"@type":"ReadAction","target":["https:\/\/www.dentavital.si\/en\/privacy-policy\/"]}]},{"@type":"BreadcrumbList","@id":"https:\/\/www.dentavital.si\/en\/privacy-policy\/#breadcrumb","itemListElement":[{"@type":"ListItem","position":1,"name":"Home","item":"https:\/\/www.dentavital.si\/en\/"},{"@type":"ListItem","position":2,"name":"Privacy Policy"}]},{"@type":"WebSite","@id":"https:\/\/www.dentavital.si\/#website","url":"https:\/\/www.dentavital.si\/","name":"Dentavital","description":"","potentialAction":[{"@type":"SearchAction","target":{"@type":"EntryPoint","urlTemplate":"https:\/\/www.dentavital.si\/?s={search_term_string}"},"query-input":{"@type":"PropertyValueSpecification","valueRequired":true,"valueName":"search_term_string"}}],"inLanguage":"en-US"}]}},"_links":{"self":[{"href":"https:\/\/www.dentavital.si\/en\/wp-json\/wp\/v2\/pages\/835","targetHints":{"allow":["GET"]}}],"collection":[{"href":"https:\/\/www.dentavital.si\/en\/wp-json\/wp\/v2\/pages"}],"about":[{"href":"https:\/\/www.dentavital.si\/en\/wp-json\/wp\/v2\/types\/page"}],"author":[{"embeddable":true,"href":"https:\/\/www.dentavital.si\/en\/wp-json\/wp\/v2\/users\/1"}],"replies":[{"embeddable":true,"href":"https:\/\/www.dentavital.si\/en\/wp-json\/wp\/v2\/comments?post=835"}],"version-history":[{"count":1,"href":"https:\/\/www.dentavital.si\/en\/wp-json\/wp\/v2\/pages\/835\/revisions"}],"predecessor-version":[{"id":836,"href":"https:\/\/www.dentavital.si\/en\/wp-json\/wp\/v2\/pages\/835\/revisions\/836"}],"wp:attachment":[{"href":"https:\/\/www.dentavital.si\/en\/wp-json\/wp\/v2\/media?parent=835"}],"curies":[{"name":"wp","href":"https:\/\/api.w.org\/{rel}","templated":true}]}}